{"id":296,"date":"2025-09-24T23:46:13","date_gmt":"2025-09-24T23:46:13","guid":{"rendered":"https:\/\/blog.lihapk.com\/?page_id=296"},"modified":"2025-09-24T23:47:08","modified_gmt":"2025-09-24T23:47:08","slug":"play-if-you-were-a-nurse-would-you-pass-this-medical-knowledge-test","status":"publish","type":"page","link":"https:\/\/blog.lihapk.com\/fr\/play-if-you-were-a-nurse-would-you-pass-this-medical-knowledge-test\/","title":{"rendered":"Pi\u00e8ce de th\u00e9\u00e2tre \u2013 Si vous \u00e9tiez infirmi\u00e8re : r\u00e9ussiriez-vous ce test de connaissances m\u00e9dicales ?"},"content":{"rendered":"<div data-elementor-type=\"wp-page\" data-elementor-id=\"296\" class=\"elementor elementor-296\">\n\t\t\t\t\t\t<section class=\"elementor-section elementor-top-section elementor-element elementor-element-158a778 elementor-section-boxed elementor-section-height-default elementor-section-height-default\" data-id=\"158a778\" data-element_type=\"section\" data-e-type=\"section\" data-settings=\"{&quot;background_background&quot;:&quot;classic&quot;}\">\n\t\t\t\t\t\t<div class=\"elementor-container elementor-column-gap-default\">\n\t\t\t\t\t<div class=\"elementor-column elementor-col-33 elementor-top-column elementor-element elementor-element-79ce06b\" data-id=\"79ce06b\" data-element_type=\"column\" data-e-type=\"column\">\n\t\t\t<div class=\"elementor-widget-wrap\">\n\t\t\t\t\t\t\t<\/div>\n\t\t<\/div>\n\t\t\t\t<div class=\"elementor-column elementor-col-33 elementor-top-column elementor-element elementor-element-7089c03\" data-id=\"7089c03\" data-element_type=\"column\" data-e-type=\"column\">\n\t\t\t<div class=\"elementor-widget-wrap elementor-element-populated\">\n\t\t\t\t\t\t<div class=\"elementor-element elementor-element-1e75522 elementor-widget elementor-widget-image\" data-id=\"1e75522\" data-element_type=\"widget\" data-e-type=\"widget\" data-widget_type=\"image.default\">\n\t\t\t\t\t\t\t\t\t\t\t\t\t\t\t<img fetchpriority=\"high\" decoding=\"async\" width=\"314\" height=\"250\" src=\"https:\/\/blog.lihapk.com\/wp-content\/uploads\/2025\/09\/quiz-game-icon-speech-bubble-vector-47454539-copiar.png\" class=\"attachment-large size-large wp-image-236\" alt=\"\" srcset=\"https:\/\/blog.lihapk.com\/wp-content\/uploads\/2025\/09\/quiz-game-icon-speech-bubble-vector-47454539-copiar.png 314w, https:\/\/blog.lihapk.com\/wp-content\/uploads\/2025\/09\/quiz-game-icon-speech-bubble-vector-47454539-copiar-300x239.png 300w, https:\/\/blog.lihapk.com\/wp-content\/uploads\/2025\/09\/quiz-game-icon-speech-bubble-vector-47454539-copiar-15x12.png 15w\" sizes=\"(max-width: 314px) 100vw, 314px\" \/>\t\t\t\t\t\t\t\t\t\t\t\t\t\t\t<\/div>\n\t\t\t\t\t<\/div>\n\t\t<\/div>\n\t\t\t\t<div class=\"elementor-column elementor-col-33 elementor-top-column elementor-element elementor-element-ab29838\" data-id=\"ab29838\" data-element_type=\"column\" data-e-type=\"column\">\n\t\t\t<div class=\"elementor-widget-wrap\">\n\t\t\t\t\t\t\t<\/div>\n\t\t<\/div>\n\t\t\t\t\t<\/div>\n\t\t<\/section>\n\t\t\t\t<section class=\"elementor-section elementor-top-section elementor-element elementor-element-d346f87 elementor-section-content-top elementor-section-boxed elementor-section-height-default elementor-section-height-default\" data-id=\"d346f87\" data-element_type=\"section\" data-e-type=\"section\" data-settings=\"{&quot;background_background&quot;:&quot;classic&quot;}\">\n\t\t\t\t\t\t<div class=\"elementor-container elementor-column-gap-no\">\n\t\t\t\t\t<div class=\"elementor-column elementor-col-66 elementor-top-column elementor-element elementor-element-e57d598\" data-id=\"e57d598\" data-element_type=\"column\" data-e-type=\"column\">\n\t\t\t<div class=\"elementor-widget-wrap elementor-element-populated\">\n\t\t\t\t\t\t<div class=\"elementor-element elementor-element-9f723b5 elementor-widget elementor-widget-heading\" data-id=\"9f723b5\" data-element_type=\"widget\" data-e-type=\"widget\" data-widget_type=\"heading.default\">\n\t\t\t\t\t<h2 class=\"elementor-heading-title elementor-size-default\">Si vous \u00e9tiez infirmi\u00e8re : r\u00e9ussiriez-vous ce test de connaissances m\u00e9dicales ?<\/h2>\t\t\t\t<\/div>\n\t\t\t\t<div class=\"elementor-element elementor-element-6fa9045 elementor-align-center elementor-widget elementor-widget-button\" data-id=\"6fa9045\" data-element_type=\"widget\" data-e-type=\"widget\" data-widget_type=\"button.default\">\n\t\t\t\t\t\t\t\t\t\t<a class=\"elementor-button elementor-button-link elementor-size-md\" href=\"https:\/\/blog.lihapk.com\/fr\/quiz-if-you-were-a-nurse-would-you-pass-this-medical-knowledge-test\/\">\n\t\t\t\t\t\t<span class=\"elementor-button-content-wrapper\">\n\t\t\t\t\t\t\t\t\t<span class=\"elementor-button-text\">D\u00c9MARRER LE TEST<\/span>\n\t\t\t\t\t<\/span>\n\t\t\t\t\t<\/a>\n\t\t\t\t\t\t\t\t<\/div>\n\t\t\t\t<div class=\"elementor-element elementor-element-0e4d737 elementor-alert-success elementor-widget elementor-widget-alert\" data-id=\"0e4d737\" data-element_type=\"widget\" data-e-type=\"widget\" data-widget_type=\"alert.default\">\n\t\t\t\t\t\t\t<div class=\"elementor-alert\" role=\"alert\">\n\n\t\t\t\t\t\t<span class=\"elementor-alert-title\">Attention<\/span>\n\t\t\t\n\t\t\t\t\t\t<span class=\"elementor-alert-description\">Vous \u00eates-vous d\u00e9j\u00e0 demand\u00e9 ce que c&#039;est que de penser comme une infirmi\u00e8re\u00a0? Les infirmi\u00e8res sont confront\u00e9es chaque jour \u00e0 des situations qui exigent des d\u00e9cisions rapides et de solides connaissances m\u00e9dicales. Ce quiz vous mettra \u00e0 leur place et testera votre ma\u00eetrise des bases essentielles que toute infirmi\u00e8re doit ma\u00eetriser. Pr\u00eate \u00e0 le d\u00e9couvrir\u00a0?<\/span>\n\t\t\t\n\t\t\t\t\t\t<button type=\"button\" class=\"elementor-alert-dismiss\" aria-label=\"Ignorer cette alerte.\">\n\t\t\t\t<svg aria-hidden=\"true\" class=\"e-font-icon-svg e-far-grin-alt\" viewbox=\"0 0 496 512\" xmlns=\"http:\/\/www.w3.org\/2000\/svg\"><path d=\"M200.3 248c12.4-18.7 15.1-37.3 15.7-56-.5-18.7-3.3-37.3-15.7-56-8-12-25.1-11.4-32.7 0-12.4 18.7-15.1 37.3-15.7 56 .5 18.7 3.3 37.3 15.7 56 8.1 12 25.2 11.4 32.7 0zm128 0c12.4-18.7 15.1-37.3 15.7-56-.5-18.7-3.3-37.3-15.7-56-8-12-25.1-11.4-32.7 0-12.4 18.7-15.1 37.3-15.7 56 .5 18.7 3.3 37.3 15.7 56 8.1 12 25.2 11.4 32.7 0zM248 8C111 8 0 119 0 256s111 248 248 248 248-111 248-248S385 8 248 8zm0 448c-110.3 0-200-89.7-200-200S137.7 56 248 56s200 89.7 200 200-89.7 200-200 200zm105.6-151.4c-25.9 8.3-64.4 13.1-105.6 13.1s-79.6-4.8-105.6-13.1c-9.9-3.1-19.4 5.3-17.7 15.3 7.9 47.2 71.3 80 123.3 80s115.3-32.9 123.3-80c1.6-9.8-7.7-18.4-17.7-15.3z\"><\/path><\/svg>\t\t\t<\/button>\n\t\t\t\n\t\t<\/div>\n\t\t\t\t\t\t<\/div>\n\t\t\t\t\t<\/div>\n\t\t<\/div>\n\t\t\t\t<div class=\"elementor-column elementor-col-33 elementor-top-column elementor-element elementor-element-5336046 elementor-hidden-mobile\" data-id=\"5336046\" data-element_type=\"column\" data-e-type=\"column\" data-settings=\"{&quot;background_background&quot;:&quot;classic&quot;}\">\n\t\t\t<div class=\"elementor-widget-wrap elementor-element-populated\">\n\t\t\t\t\t\t<div class=\"elementor-element elementor-element-9223359 elementor-widget elementor-widget-spacer\" data-id=\"9223359\" data-element_type=\"widget\" data-e-type=\"widget\" data-widget_type=\"spacer.default\">\n\t\t\t\t\t\t\t<div class=\"elementor-spacer\">\n\t\t\t<div class=\"elementor-spacer-inner\"><\/div>\n\t\t<\/div>\n\t\t\t\t\t\t<\/div>\n\t\t\t\t\t<\/div>\n\t\t<\/div>\n\t\t\t\t\t<\/div>\n\t\t<\/section>\n\t\t\t\t<\/div>","protected":false},"excerpt":{"rendered":"<p>If You Were a Nurse: Would You Pass This Medical Knowledge Test? START TEST Attention Have you ever wondered what [&hellip;]<\/p>","protected":false},"author":3,"featured_media":0,"parent":0,"menu_order":0,"comment_status":"closed","ping_status":"closed","template":"","meta":{"site-sidebar-layout":"no-sidebar","site-content-layout":"","ast-site-content-layout":"full-width-container","site-content-style":"default","site-sidebar-style":"default","ast-global-header-display":"","ast-banner-title-visibility":"","ast-main-header-display":"","ast-hfb-above-header-display":"","ast-hfb-below-header-display":"","ast-hfb-mobile-header-display":"","site-post-title":"disabled","ast-breadcrumbs-content":"","ast-featured-img":"disabled","footer-sml-layout":"","theme-transparent-header-meta":"","adv-header-id-meta":"","stick-header-meta":"","header-above-stick-meta":"","header-main-stick-meta":"","header-below-stick-meta":"","astra-migrate-meta-layouts":"default","ast-page-background-enabled":"default","ast-page-background-meta":{"desktop":{"background-color":"var(--ast-global-color-4)","background-image":"","background-repeat":"repeat","background-position":"center center","background-size":"auto","background-attachment":"scroll","background-type":"","background-media":"","overlay-type":"","overlay-color":"","overlay-opacity":"","overlay-gradient":""},"tablet":{"background-color":"","background-image":"","background-repeat":"repeat","background-position":"center center","background-size":"auto","background-attachment":"scroll","background-type":"","background-media":"","overlay-type":"","overlay-color":"","overlay-opacity":"","overlay-gradient":""},"mobile":{"background-color":"","background-image":"","background-repeat":"repeat","background-position":"center center","background-size":"auto","background-attachment":"scroll","background-type":"","background-media":"","overlay-type":"","overlay-color":"","overlay-opacity":"","overlay-gradient":""}},"ast-content-background-meta":{"desktop":{"background-color":"var(--ast-global-color-5)","background-image":"","background-repeat":"repeat","background-position":"center center","background-size":"auto","background-attachment":"scroll","background-type":"","background-media":"","overlay-type":"","overlay-color":"","overlay-opacity":"","overlay-gradient":""},"tablet":{"background-color":"var(--ast-global-color-5)","background-image":"","background-repeat":"repeat","background-position":"center center","background-size":"auto","background-attachment":"scroll","background-type":"","background-media":"","overlay-type":"","overlay-color":"","overlay-opacity":"","overlay-gradient":""},"mobile":{"background-color":"var(--ast-global-color-5)","background-image":"","background-repeat":"repeat","background-position":"center center","background-size":"auto","background-attachment":"scroll","background-type":"","background-media":"","overlay-type":"","overlay-color":"","overlay-opacity":"","overlay-gradient":""}},"footnotes":""},"class_list":["post-296","page","type-page","status-publish","hentry"],"_links":{"self":[{"href":"https:\/\/blog.lihapk.com\/fr\/wp-json\/wp\/v2\/pages\/296","targetHints":{"allow":["GET"]}}],"collection":[{"href":"https:\/\/blog.lihapk.com\/fr\/wp-json\/wp\/v2\/pages"}],"about":[{"href":"https:\/\/blog.lihapk.com\/fr\/wp-json\/wp\/v2\/types\/page"}],"author":[{"embeddable":true,"href":"https:\/\/blog.lihapk.com\/fr\/wp-json\/wp\/v2\/users\/3"}],"replies":[{"embeddable":true,"href":"https:\/\/blog.lihapk.com\/fr\/wp-json\/wp\/v2\/comments?post=296"}],"version-history":[{"count":4,"href":"https:\/\/blog.lihapk.com\/fr\/wp-json\/wp\/v2\/pages\/296\/revisions"}],"predecessor-version":[{"id":301,"href":"https:\/\/blog.lihapk.com\/fr\/wp-json\/wp\/v2\/pages\/296\/revisions\/301"}],"wp:attachment":[{"href":"https:\/\/blog.lihapk.com\/fr\/wp-json\/wp\/v2\/media?parent=296"}],"curies":[{"name":"wp","href":"https:\/\/api.w.org\/{rel}","templated":true}]}}