{"id":269,"date":"2025-09-24T00:31:03","date_gmt":"2025-09-24T00:31:03","guid":{"rendered":"https:\/\/blog.lihapk.com\/?page_id=269"},"modified":"2025-09-24T00:32:45","modified_gmt":"2025-09-24T00:32:45","slug":"play-back-to-the-70s-test-your-knowledge-of-the-decade-that-changed-everything","status":"publish","type":"page","link":"https:\/\/blog.lihapk.com\/es\/play-back-to-the-70s-test-your-knowledge-of-the-decade-that-changed-everything\/","title":{"rendered":"Jugar \u2013 Regreso a los a\u00f1os 70: \u00a1Pon a prueba tus conocimientos sobre la d\u00e9cada que lo cambi\u00f3 todo!"},"content":{"rendered":"<div data-elementor-type=\"wp-page\" data-elementor-id=\"269\" class=\"elementor elementor-269\">\n\t\t\t\t\t\t<section class=\"elementor-section elementor-top-section elementor-element elementor-element-bae9e4a elementor-section-boxed elementor-section-height-default elementor-section-height-default\" data-id=\"bae9e4a\" data-element_type=\"section\" data-e-type=\"section\" data-settings=\"{&quot;background_background&quot;:&quot;classic&quot;}\">\n\t\t\t\t\t\t<div class=\"elementor-container elementor-column-gap-default\">\n\t\t\t\t\t<div class=\"elementor-column elementor-col-33 elementor-top-column elementor-element elementor-element-e9f8a52\" data-id=\"e9f8a52\" data-element_type=\"column\" data-e-type=\"column\">\n\t\t\t<div class=\"elementor-widget-wrap\">\n\t\t\t\t\t\t\t<\/div>\n\t\t<\/div>\n\t\t\t\t<div class=\"elementor-column elementor-col-33 elementor-top-column elementor-element elementor-element-fd71055\" data-id=\"fd71055\" data-element_type=\"column\" data-e-type=\"column\">\n\t\t\t<div class=\"elementor-widget-wrap elementor-element-populated\">\n\t\t\t\t\t\t<div class=\"elementor-element elementor-element-8cf33f3 elementor-widget elementor-widget-image\" data-id=\"8cf33f3\" data-element_type=\"widget\" data-e-type=\"widget\" data-widget_type=\"image.default\">\n\t\t\t\t\t\t\t\t\t\t\t\t\t\t\t<img fetchpriority=\"high\" decoding=\"async\" width=\"314\" height=\"250\" src=\"https:\/\/blog.lihapk.com\/wp-content\/uploads\/2025\/09\/quiz-game-icon-speech-bubble-vector-47454539-copiar.png\" class=\"attachment-large size-large wp-image-236\" alt=\"\" srcset=\"https:\/\/blog.lihapk.com\/wp-content\/uploads\/2025\/09\/quiz-game-icon-speech-bubble-vector-47454539-copiar.png 314w, https:\/\/blog.lihapk.com\/wp-content\/uploads\/2025\/09\/quiz-game-icon-speech-bubble-vector-47454539-copiar-300x239.png 300w, https:\/\/blog.lihapk.com\/wp-content\/uploads\/2025\/09\/quiz-game-icon-speech-bubble-vector-47454539-copiar-15x12.png 15w\" sizes=\"(max-width: 314px) 100vw, 314px\" \/>\t\t\t\t\t\t\t\t\t\t\t\t\t\t\t<\/div>\n\t\t\t\t\t<\/div>\n\t\t<\/div>\n\t\t\t\t<div class=\"elementor-column elementor-col-33 elementor-top-column elementor-element elementor-element-29ef3eb\" data-id=\"29ef3eb\" data-element_type=\"column\" data-e-type=\"column\">\n\t\t\t<div class=\"elementor-widget-wrap\">\n\t\t\t\t\t\t\t<\/div>\n\t\t<\/div>\n\t\t\t\t\t<\/div>\n\t\t<\/section>\n\t\t\t\t<section class=\"elementor-section elementor-top-section elementor-element elementor-element-25c25cc elementor-section-content-top elementor-section-boxed elementor-section-height-default elementor-section-height-default\" data-id=\"25c25cc\" data-element_type=\"section\" data-e-type=\"section\" data-settings=\"{&quot;background_background&quot;:&quot;classic&quot;}\">\n\t\t\t\t\t\t<div class=\"elementor-container elementor-column-gap-no\">\n\t\t\t\t\t<div class=\"elementor-column elementor-col-66 elementor-top-column elementor-element elementor-element-2ad4ca2\" data-id=\"2ad4ca2\" data-element_type=\"column\" data-e-type=\"column\">\n\t\t\t<div class=\"elementor-widget-wrap elementor-element-populated\">\n\t\t\t\t\t\t<div class=\"elementor-element elementor-element-ab5f2b4 elementor-widget elementor-widget-heading\" data-id=\"ab5f2b4\" data-element_type=\"widget\" data-e-type=\"widget\" data-widget_type=\"heading.default\">\n\t\t\t\t\t<h2 class=\"elementor-heading-title elementor-size-default\">Regreso a los a\u00f1os 70: \u00a1Pon a prueba tus conocimientos sobre la d\u00e9cada que lo cambi\u00f3 todo!<\/h2>\t\t\t\t<\/div>\n\t\t\t\t<div class=\"elementor-element elementor-element-5e21df0 elementor-align-center elementor-widget elementor-widget-button\" data-id=\"5e21df0\" data-element_type=\"widget\" data-e-type=\"widget\" data-widget_type=\"button.default\">\n\t\t\t\t\t\t\t\t\t\t<a class=\"elementor-button elementor-button-link elementor-size-md\" href=\"https:\/\/blog.lihapk.com\/es\/quiz-back-to-the-70s-test-your-knowledge-of-the-decade-that-changed-everything\/\">\n\t\t\t\t\t\t<span class=\"elementor-button-content-wrapper\">\n\t\t\t\t\t\t\t\t\t<span class=\"elementor-button-text\">INICIAR PRUEBA<\/span>\n\t\t\t\t\t<\/span>\n\t\t\t\t\t<\/a>\n\t\t\t\t\t\t\t\t<\/div>\n\t\t\t\t<div class=\"elementor-element elementor-element-6f1a612 elementor-alert-success elementor-widget elementor-widget-alert\" data-id=\"6f1a612\" data-element_type=\"widget\" data-e-type=\"widget\" data-widget_type=\"alert.default\">\n\t\t\t\t\t\t\t<div class=\"elementor-alert\" role=\"alert\">\n\n\t\t\t\t\t\t<span class=\"elementor-alert-title\">Atenci\u00f3n<\/span>\n\t\t\t\n\t\t\t\t\t\t<span class=\"elementor-alert-description\">\u00a1S\u00fabete a la m\u00e1quina del tiempo y viaja a los 70! \ud83c\udfb6\u2728 Pon a prueba tus conocimientos sobre la d\u00e9cada de la m\u00fasica disco, pel\u00edculas legendarias, moda ic\u00f3nica y eventos hist\u00f3ricos. Desde pantalones acampanados hasta Star Wars y cl\u00e1sicos del rock, \u00a1veamos cu\u00e1nto conoces realmente del esp\u00edritu de los 70!<\/span>\n\t\t\t\n\t\t\t\t\t\t<button type=\"button\" class=\"elementor-alert-dismiss\" aria-label=\"Descartar esta alerta.\">\n\t\t\t\t<svg aria-hidden=\"true\" class=\"e-font-icon-svg e-far-grin-alt\" viewbox=\"0 0 496 512\" xmlns=\"http:\/\/www.w3.org\/2000\/svg\"><path d=\"M200.3 248c12.4-18.7 15.1-37.3 15.7-56-.5-18.7-3.3-37.3-15.7-56-8-12-25.1-11.4-32.7 0-12.4 18.7-15.1 37.3-15.7 56 .5 18.7 3.3 37.3 15.7 56 8.1 12 25.2 11.4 32.7 0zm128 0c12.4-18.7 15.1-37.3 15.7-56-.5-18.7-3.3-37.3-15.7-56-8-12-25.1-11.4-32.7 0-12.4 18.7-15.1 37.3-15.7 56 .5 18.7 3.3 37.3 15.7 56 8.1 12 25.2 11.4 32.7 0zM248 8C111 8 0 119 0 256s111 248 248 248 248-111 248-248S385 8 248 8zm0 448c-110.3 0-200-89.7-200-200S137.7 56 248 56s200 89.7 200 200-89.7 200-200 200zm105.6-151.4c-25.9 8.3-64.4 13.1-105.6 13.1s-79.6-4.8-105.6-13.1c-9.9-3.1-19.4 5.3-17.7 15.3 7.9 47.2 71.3 80 123.3 80s115.3-32.9 123.3-80c1.6-9.8-7.7-18.4-17.7-15.3z\"><\/path><\/svg>\t\t\t<\/button>\n\t\t\t\n\t\t<\/div>\n\t\t\t\t\t\t<\/div>\n\t\t\t\t\t<\/div>\n\t\t<\/div>\n\t\t\t\t<div class=\"elementor-column elementor-col-33 elementor-top-column elementor-element elementor-element-fa5fa99 elementor-hidden-mobile\" data-id=\"fa5fa99\" data-element_type=\"column\" data-e-type=\"column\" data-settings=\"{&quot;background_background&quot;:&quot;classic&quot;}\">\n\t\t\t<div class=\"elementor-widget-wrap elementor-element-populated\">\n\t\t\t\t\t\t<div class=\"elementor-element elementor-element-adc7107 elementor-widget elementor-widget-spacer\" data-id=\"adc7107\" data-element_type=\"widget\" data-e-type=\"widget\" data-widget_type=\"spacer.default\">\n\t\t\t\t\t\t\t<div class=\"elementor-spacer\">\n\t\t\t<div class=\"elementor-spacer-inner\"><\/div>\n\t\t<\/div>\n\t\t\t\t\t\t<\/div>\n\t\t\t\t\t<\/div>\n\t\t<\/div>\n\t\t\t\t\t<\/div>\n\t\t<\/section>\n\t\t\t\t<\/div>","protected":false},"excerpt":{"rendered":"<p>Back to the \u201970s: Test Your Knowledge of the Decade That Changed Everything! START TEST Attention Step into the time [&hellip;]<\/p>","protected":false},"author":3,"featured_media":0,"parent":0,"menu_order":0,"comment_status":"closed","ping_status":"closed","template":"","meta":{"site-sidebar-layout":"no-sidebar","site-content-layout":"","ast-site-content-layout":"full-width-container","site-content-style":"default","site-sidebar-style":"default","ast-global-header-display":"","ast-banner-title-visibility":"","ast-main-header-display":"","ast-hfb-above-header-display":"","ast-hfb-below-header-display":"","ast-hfb-mobile-header-display":"","site-post-title":"disabled","ast-breadcrumbs-content":"","ast-featured-img":"disabled","footer-sml-layout":"","theme-transparent-header-meta":"","adv-header-id-meta":"","stick-header-meta":"","header-above-stick-meta":"","header-main-stick-meta":"","header-below-stick-meta":"","astra-migrate-meta-layouts":"default","ast-page-background-enabled":"default","ast-page-background-meta":{"desktop":{"background-color":"var(--ast-global-color-4)","background-image":"","background-repeat":"repeat","background-position":"center center","background-size":"auto","background-attachment":"scroll","background-type":"","background-media":"","overlay-type":"","overlay-color":"","overlay-opacity":"","overlay-gradient":""},"tablet":{"background-color":"","background-image":"","background-repeat":"repeat","background-position":"center center","background-size":"auto","background-attachment":"scroll","background-type":"","background-media":"","overlay-type":"","overlay-color":"","overlay-opacity":"","overlay-gradient":""},"mobile":{"background-color":"","background-image":"","background-repeat":"repeat","background-position":"center center","background-size":"auto","background-attachment":"scroll","background-type":"","background-media":"","overlay-type":"","overlay-color":"","overlay-opacity":"","overlay-gradient":""}},"ast-content-background-meta":{"desktop":{"background-color":"var(--ast-global-color-5)","background-image":"","background-repeat":"repeat","background-position":"center center","background-size":"auto","background-attachment":"scroll","background-type":"","background-media":"","overlay-type":"","overlay-color":"","overlay-opacity":"","overlay-gradient":""},"tablet":{"background-color":"var(--ast-global-color-5)","background-image":"","background-repeat":"repeat","background-position":"center center","background-size":"auto","background-attachment":"scroll","background-type":"","background-media":"","overlay-type":"","overlay-color":"","overlay-opacity":"","overlay-gradient":""},"mobile":{"background-color":"var(--ast-global-color-5)","background-image":"","background-repeat":"repeat","background-position":"center center","background-size":"auto","background-attachment":"scroll","background-type":"","background-media":"","overlay-type":"","overlay-color":"","overlay-opacity":"","overlay-gradient":""}},"footnotes":""},"class_list":["post-269","page","type-page","status-publish","hentry"],"_links":{"self":[{"href":"https:\/\/blog.lihapk.com\/es\/wp-json\/wp\/v2\/pages\/269","targetHints":{"allow":["GET"]}}],"collection":[{"href":"https:\/\/blog.lihapk.com\/es\/wp-json\/wp\/v2\/pages"}],"about":[{"href":"https:\/\/blog.lihapk.com\/es\/wp-json\/wp\/v2\/types\/page"}],"author":[{"embeddable":true,"href":"https:\/\/blog.lihapk.com\/es\/wp-json\/wp\/v2\/users\/3"}],"replies":[{"embeddable":true,"href":"https:\/\/blog.lihapk.com\/es\/wp-json\/wp\/v2\/comments?post=269"}],"version-history":[{"count":4,"href":"https:\/\/blog.lihapk.com\/es\/wp-json\/wp\/v2\/pages\/269\/revisions"}],"predecessor-version":[{"id":274,"href":"https:\/\/blog.lihapk.com\/es\/wp-json\/wp\/v2\/pages\/269\/revisions\/274"}],"wp:attachment":[{"href":"https:\/\/blog.lihapk.com\/es\/wp-json\/wp\/v2\/media?parent=269"}],"curies":[{"name":"wp","href":"https:\/\/api.w.org\/{rel}","templated":true}]}}